{"id":167,"date":"2018-11-11T23:44:28","date_gmt":"2018-11-11T23:44:28","guid":{"rendered":"http:\/\/casaluise.com\/?page_id=167"},"modified":"2022-05-17T13:42:40","modified_gmt":"2022-05-17T13:42:40","slug":"english-aviso-legal-y-politica-de-privacidad","status":"publish","type":"page","link":"https:\/\/www.casaluise.com\/en\/english-aviso-legal-y-politica-de-privacidad\/","title":{"rendered":"Legal Advice and Privacy Policy"},"content":{"rendered":"<p>Se le informa que los datos personales que nos facilite voluntariamente, a trav\u00e9s de los distintos formularios de la web, ser\u00e1n tratados por LUIS EDUARDO VALLE CARAVIA con domicilio en&nbsp;BONES, 26 33347 &#8211; RIBADESELLA (ASTURIAS), que cumple con las medidas de seguridad exigidas en la legislaci\u00f3n vigente en materia de Protecci\u00f3n de Datos de Car\u00e1cter Personal. La finalidad de dicho tratamiento es la descrita en cada uno de los formularios establecidos en la p\u00e1gina web en el que Usted nos haya facilitado sus datos. Los datos facilitados no ser\u00e1n cedidos a terceros salvo en los casos en que exista una obligaci\u00f3n legal, y se conservar\u00e1n durante el tiempo necesario para atender su solicitud siempre y cuando no nos indique lo contrario ejerciendo su derecho de cancelaci\u00f3n, o durante el tiempo necesario para cumplir con las obligaciones legales.<br \/>\nLUIS EDUARDO VALLE CARAVIA no elaborar\u00e1 ning\u00fan tipo de \u201cperfil\u201d, en base a la informaci\u00f3n facilitada. No se tomar\u00e1n decisiones automatizadas en base a perfiles.<br \/>\nAsimismo, LUIS EDUARDO VALLE CARAVIA cancelar\u00e1 o rectificar\u00e1 los datos cuando resulten inexactos, incompletos o hayan dejado de ser necesarios para su finalidad, de conformidad con lo previsto en la legislaci\u00f3n vigente en materia de Protecci\u00f3n de Datos de Car\u00e1cter Personal.<br \/>\nMientras no nos comunique lo contrario, entenderemos que sus datos no han sido modificados, que usted se compromete a notificarnos cualquier variaci\u00f3n y que tenemos el consentimiento para utilizarlos a fin de poder fidelizar la relaci\u00f3n entre las partes.<br \/>\nEl usuario podr\u00e1 ejercer los derechos de acceso, rectificaci\u00f3n, cancelaci\u00f3n, supresi\u00f3n, oposici\u00f3n, limitaci\u00f3n del tratamiento, portabilidad de datos y a no ser objeto de decisiones individualizadas, automatizadas, en relaci\u00f3n con los datos objeto del tratamiento, ante el responsable del tratamiento en la direcci\u00f3n anteriormente mencionada, o por correo electr\u00f3nico a info@casaluise.com. En caso de que no haya obtenido satisfacci\u00f3n en el ejercicio de sus derechos, podr\u00e1 presentar una reclamaci\u00f3n ante la Autoridad de Control en materia Protecci\u00f3n de Datos competente.<br \/>\nLUIS EDUARDO VALLE CARAVIA adopta las medidas t\u00e9cnicas, organizativas y de seguridad correspondientes seg\u00fan la normativa vigente en materia de Protecci\u00f3n de Datos de Car\u00e1cter Personal. No obstante, no asume ninguna responsabilidad por los da\u00f1os y perjuicios derivados de alteraciones que terceros puedan causar en los sistemas inform\u00e1ticos, documentos electr\u00f3nicos o ficheros del usuario.<br \/>\nDe acuerdo con lo que establece la Ley 34\/2002, de Servicios de la Sociedad de la Informaci\u00f3n y el Comercio Electr\u00f3nico en su art\u00edculo 21, solicitaremos su consentimiento para poder realizar comunicaciones publicitarias que consideremos puedan ser de su inter\u00e9s, por correo electr\u00f3nico o por cualquier otro medio de comunicaci\u00f3n electr\u00f3nica equivalente.<\/p>","protected":false},"excerpt":{"rendered":"<p>Se le informa que los datos personales que nos facilite voluntariamente, a trav\u00e9s de los distintos formularios de la web, ser\u00e1n tratados por LUIS EDUARDO VALLE CARAVIA con domicilio en&nbsp;BONES, 26 33347 &#8211; RIBADESELLA (ASTURIAS), que cumple con&#8230; <a class=\"read-more\" href=\"https:\/\/www.casaluise.com\/en\/english-aviso-legal-y-politica-de-privacidad\/\">Read More<\/a><\/p>\n","protected":false},"author":2,"featured_media":0,"parent":0,"menu_order":0,"comment_status":"closed","ping_status":"closed","template":"","meta":{"ngg_post_thumbnail":0,"footnotes":""},"class_list":["post-167","page","type-page","status-publish","hentry"],"_links":{"self":[{"href":"https:\/\/www.casaluise.com\/en\/wp-json\/wp\/v2\/pages\/167","targetHints":{"allow":["GET"]}}],"collection":[{"href":"https:\/\/www.casaluise.com\/en\/wp-json\/wp\/v2\/pages"}],"about":[{"href":"https:\/\/www.casaluise.com\/en\/wp-json\/wp\/v2\/types\/page"}],"author":[{"embeddable":true,"href":"https:\/\/www.casaluise.com\/en\/wp-json\/wp\/v2\/users\/2"}],"replies":[{"embeddable":true,"href":"https:\/\/www.casaluise.com\/en\/wp-json\/wp\/v2\/comments?post=167"}],"version-history":[{"count":5,"href":"https:\/\/www.casaluise.com\/en\/wp-json\/wp\/v2\/pages\/167\/revisions"}],"predecessor-version":[{"id":283,"href":"https:\/\/www.casaluise.com\/en\/wp-json\/wp\/v2\/pages\/167\/revisions\/283"}],"wp:attachment":[{"href":"https:\/\/www.casaluise.com\/en\/wp-json\/wp\/v2\/media?parent=167"}],"curies":[{"name":"wp","href":"https:\/\/api.w.org\/{rel}","templated":true}]}}