{"id":35,"date":"2015-06-06T10:50:58","date_gmt":"2015-06-06T10:50:58","guid":{"rendered":"http:\/\/wp.casaluise.com\/?page_id=35"},"modified":"2022-05-13T07:13:58","modified_gmt":"2022-05-13T07:13:58","slug":"ocio-y-tiempo-libre","status":"publish","type":"page","link":"https:\/\/www.casaluise.com\/en\/ocio-y-tiempo-libre\/","title":{"rendered":"Activities&#8230;"},"content":{"rendered":"<p>&nbsp;<\/p>\n<p>&nbsp;<\/p>\n<h3><span id=\"result_box\" class=\"\" lang=\"en\"><span title=\"Una de las actividades de turismo activo\/aventura m\u00e1s demandada en toda Espa\u00f1a, el descenso del r\u00edo Sella en Canoa.\">Descent of the River Sella in canoe<\/span><\/span><\/h3>\n<p><a href=\"http:\/\/hotelsebrenu.es\/wp-content\/uploads\/2015\/04\/que-hacer-1.jpg\"><img loading=\"lazy\" decoding=\"async\" class=\"alignnone size-full wp-image-448\" src=\"http:\/\/hotelsebrenu.es\/wp-content\/uploads\/2015\/04\/que-hacer-1.jpg\" alt=\"que-hacer-1\" width=\"750\" height=\"300\"><\/a> Una <span id=\"result_box\" class=\"\" lang=\"en\"><span title=\"Una de las actividades de turismo activo\/aventura m\u00e1s demandada en toda Espa\u00f1a, el descenso del r\u00edo Sella en Canoa.\">One of the active tourism \/ adventure most in demand in Spain, the descent of the River Sella in canoe. <\/span><span title=\"En verano cientos de personas se atreven con esta aventura sin igual.\">In summer hundreds of people dare with this unforgettable experience. <\/span><span title=\"A partir de 6 a\u00f1os.\n\">Since 6 years old.<\/span><\/span><\/p>\n<h3><span id=\"result_box\" class=\"\" lang=\"en\"><span title=\"Rutas a caballo\n\n\">Horseback riding<\/span><\/span><\/h3>\n<p><a href=\"http:\/\/hotelsebrenu.es\/wp-content\/uploads\/2015\/04\/que-hacer-4.jpg\"><img loading=\"lazy\" decoding=\"async\" class=\"alignnone size-full wp-image-452\" src=\"http:\/\/hotelsebrenu.es\/wp-content\/uploads\/2015\/04\/que-hacer-4.jpg\" alt=\"que-hacer-4\" width=\"750\" height=\"300\"><\/a> <span id=\"result_box\" class=\"\" lang=\"en\"><span title=\"Disfruta de la naturaleza de asturias, la monta\u00f1a, el rio, los prados, montado en caballo.\">Enjoy the nature of Asturias, the mountains, the river, the meadows, horse riding. <\/span><span title=\"Una experiencia que no puedes perderte.\">An experience you can not miss. <\/span><span title=\"Te informamos de todas las actividades en recepci\u00f3n.\n\">Please be advised of all activities at the reception.<\/span><\/span><\/p>\n<h3>Surfing<\/h3>\n<p><a href=\"http:\/\/hotelsebrenu.es\/wp-content\/uploads\/2015\/04\/que-hacer-2.jpg\"><img loading=\"lazy\" decoding=\"async\" class=\"alignnone size-full wp-image-450\" src=\"http:\/\/hotelsebrenu.es\/wp-content\/uploads\/2015\/04\/que-hacer-2.jpg\" alt=\"que-hacer-2\" width=\"750\" height=\"300\"><\/a> <span id=\"result_box\" class=\"\" lang=\"en\"><span title=\"Nuestras playas son de sobra conocidas por sus estupendas olas.\">Our beaches are well known for its great waves. <\/span><span title=\"No te puedes perder una buena sesi\u00f3n de surf en Ribadesella y sus playas antes de marcharte.\">You can not miss a good surf session in Ribadesella and beaches before you leave. <\/span><span title=\"Alquiler, cursos, surfcamps, te informamos en recepci\u00f3n.\">Rental and courses, surfcamps, I reported this to reception. <\/span><span title=\"No te lo pierdas.\n\">Do not miss it.<\/span><\/span><\/p>\n<h3><span id=\"result_box\" class=\"\" lang=\"en\"><span title=\"Rutas en Quad\n\n\">Quad routes<\/span><\/span><\/h3>\n<p><span id=\"result_box\" class=\"\" lang=\"en\"><span title=\"Los quad son \u201cmotos de 4 ruedas\u201d.\">The quad are &#8220;4-wheel motorcycles.&#8221; <\/span><span title=\"Una forma estupenda de abordar los paisajes y la naturaleza asturiana.\">A great way to approach the Asturian landscapes and nature. <\/span><span title=\"Te guiar\u00e1n por sendas que solo son transitables por estas motos 4\u00d74 .\">They will guide the paths that are only passable by these bikes 4 \u00d7 4. <\/span><span title=\"Es una experiencia motorizada muy recomendable, motor y naturaleza, para todas las edades.\n\n\">It is a highly recommended experience motorized, engine and nature, for all ages.<\/span><\/span><\/p>\n<h3>Paintball<\/h3>\n<p><span id=\"result_box\" class=\"\" lang=\"en\"><span title=\"Descarga adrenalina con esta actividad de disparos con bolas de pintura.\">Download this activity adrenaline shot with paintballs. <\/span><span title=\"Si vienes en grupo no te la puedes perder.\">If you come in a group will not be missed. <\/span><span title=\"Reconocida como actividad excepcional de grupo para empresas, despedidas de soltero y grupos de amigos.\n\">Recognized as an exceptional group activity for companies, bachelor parties and groups of friends.<\/span><\/span><\/p>\n<h3><span id=\"result_box\" class=\"\" lang=\"en\"><span title=\"Descenso Barrancos\n\n\">Canyoning descent<\/span><\/span><\/h3>\n<p><span id=\"result_box\" class=\"\" lang=\"en\"><span title=\"El descenso de barrancos con instructor oficial es un experiencia para los m\u00e1s atrevidos.\">Canyoning is an official instructor for the more adventurous experience. <\/span><span title=\"Adrenalina, belleza, y naturaleza.\n\">Adrenaline, beauty and nature.<\/span><\/span><\/p>\n<h3><span id=\"result_box\" class=\"\" lang=\"en\"><span title=\"Ruta del Queso y la Sidra\n\n\">Route Cheese and Cider<\/span><\/span><\/h3>\n<p><a href=\"http:\/\/hotelsebrenu.es\/wp-content\/uploads\/2015\/04\/que-hacer-3.jpg\"><img loading=\"lazy\" decoding=\"async\" class=\"alignnone size-full wp-image-451\" src=\"http:\/\/hotelsebrenu.es\/wp-content\/uploads\/2015\/04\/que-hacer-3.jpg\" alt=\"que-hacer-3\" width=\"750\" height=\"300\"><\/a> Una <span id=\"result_box\" class=\"\" lang=\"en\"><span title=\"Una de las rutas gastron\u00f3micas m\u00e1s conocidas en la Asturias Oriental.\">One of the most famous gastronomic routes in Eastern Asturias. <\/span><span title=\"Si te atrae la gastronom\u00eda asturiana no te decepcionar\u00e1 en absoluto.\">If you love the Asturian cuisine will not be disappointed at all. <\/span><span title=\"Ruta reconocida nacionalmente.\n\n\">Nationally recognized route.<\/span><\/span><\/p>\n<h3><span id=\"result_box\" class=\"\" lang=\"en\"><span title=\"Campo de golf la rasa\n\n\">Rasa<\/span><\/span> de Berbes Golf<\/h3>\n<p><span id=\"result_box\" class=\"\" lang=\"en\"><span title=\"Si eres amante del Golf, quieres iniciarte, o simplemente pasar un d\u00eda divertido.\">If you love golf, you want to get started, or just a fun day. <\/span><span title=\"Visita el campo de Golf de la Rasa.\n\">Visit the Golf de la Rasa.<\/span><\/span><\/p>\n<h3><span id=\"result_box\" class=\"\" lang=\"en\"><span title=\"Senderismo\n\n\">Trekking<\/span><\/span><\/h3>\n<p><span id=\"result_box\" class=\"\" lang=\"en\"><span title=\"En Asturias el senderismo se convierte en algo natural.\">In Asturias hiking becomes natural. <\/span><span title=\"Multitud de rutas o improvisaci\u00f3n.\">Many routes or improvisation. <\/span><span title=\"En cualquier modalidad, la belleza y la diversi\u00f3n est\u00e1n aseguradas.\n\n\">In any form, beauty and fun are guaranteed.<\/span><\/span><\/p>\n<h3>Beaches: Santa Marina, Vega, Guadam\u00eda, La Atalaya, Arra, Cuevas del Mar<\/h3>\n<p><a href=\"http:\/\/hotelsebrenu.es\/wp-content\/uploads\/2015\/04\/que-hacer-5.jpg\"><img loading=\"lazy\" decoding=\"async\" class=\"alignnone size-full wp-image-454\" src=\"http:\/\/hotelsebrenu.es\/wp-content\/uploads\/2015\/04\/que-hacer-5.jpg\" alt=\"que-hacer-5\" width=\"750\" height=\"300\"><\/a> <span id=\"result_box\" class=\"\" lang=\"en\"><span title=\"Nuestras playas son de una belleza muy reconocida.\">Our beaches are a well-known beauty. <\/span><span title=\"No te pierdas Arra y Guadam\u00eda, y conoceras lo que es una aut\u00e9ntica playa salvaje.\n\">Never miss Arra and Guadam\u00eda, and will know what a real wild beach.<\/span><\/span><\/p>\n<h3><span id=\"result_box\" class=\"\" lang=\"en\"><span title=\"Gastronom\u00eda Regional.\">Regional cuisine. <\/span><span title=\"Restaurantes y Sidrer\u00edas.\n\n\">Restaurants and Cider.<\/span><\/span><\/h3>\n<p><span id=\"result_box\" class=\"\" lang=\"en\"><span title=\"Si eres amante de la gastronom\u00eda o simplemente quieres experimentar el comer en Asturias puedes visitar multitud de restaurantes y sidrer\u00edas con precios para todos los bolsillos y men\u00fas t\u00edpicos asturianos.\n\n\">If you love the cuisine or just want to experience eating in Asturias you can visit many restaurants and cider with prices for all pockets and typical Asturian menu. <\/span><\/span><\/p>\n<h3><span id=\"result_box\" class=\"\" lang=\"en\"><span title=\"Lugares de Inter\u00e9s\n\n\">Places of interest<\/span><\/span><\/h3>\n<p><span id=\"result_box\" class=\"\" lang=\"en\"><span title=\"Oficina de Turismo de Ribadesella.\n\n\">Ribadesella Tourist Office. <\/span><span title=\"Pueblo de Ribadesella: Casco Hist\u00f3rico y Ermita de Gu\u00eda.\n\n\">Ribadesella village: Historic Area and Hermitage Guide. <\/span><span title=\"Cuevas del Agua Bufones de Llames de Pr\u00eda y playa de Guadam\u00eda.\n\n\">Water Caves Llames <\/span><\/span> <span id=\"result_box\" class=\"\" lang=\"en\"><span title=\"Cuevas del Agua Bufones de Llames de Pr\u00eda y playa de Guadam\u00eda.\n\n\">Jesters Pria and Guadam\u00eda beach. <\/span><span title=\"Pueblo de Tere\u00f1es.\n\n\">Tere\u00f1es village. <\/span><\/span><\/p>\n<p><\/p>","protected":false},"excerpt":{"rendered":"<p>&nbsp; &nbsp; Descent of the River Sella in canoe Una One of the active tourism \/ adventure most in demand in Spain, the descent of the River Sella in canoe. In summer hundreds of people dare with this&#8230; <a class=\"read-more\" href=\"https:\/\/www.casaluise.com\/en\/ocio-y-tiempo-libre\/\">Read More<\/a><\/p>\n","protected":false},"author":2,"featured_media":0,"parent":0,"menu_order":0,"comment_status":"closed","ping_status":"closed","template":"template-full.php","meta":{"ngg_post_thumbnail":0,"footnotes":""},"class_list":["post-35","page","type-page","status-publish","hentry"],"_links":{"self":[{"href":"https:\/\/www.casaluise.com\/en\/wp-json\/wp\/v2\/pages\/35","targetHints":{"allow":["GET"]}}],"collection":[{"href":"https:\/\/www.casaluise.com\/en\/wp-json\/wp\/v2\/pages"}],"about":[{"href":"https:\/\/www.casaluise.com\/en\/wp-json\/wp\/v2\/types\/page"}],"author":[{"embeddable":true,"href":"https:\/\/www.casaluise.com\/en\/wp-json\/wp\/v2\/users\/2"}],"replies":[{"embeddable":true,"href":"https:\/\/www.casaluise.com\/en\/wp-json\/wp\/v2\/comments?post=35"}],"version-history":[{"count":21,"href":"https:\/\/www.casaluise.com\/en\/wp-json\/wp\/v2\/pages\/35\/revisions"}],"predecessor-version":[{"id":280,"href":"https:\/\/www.casaluise.com\/en\/wp-json\/wp\/v2\/pages\/35\/revisions\/280"}],"wp:attachment":[{"href":"https:\/\/www.casaluise.com\/en\/wp-json\/wp\/v2\/media?parent=35"}],"curies":[{"name":"wp","href":"https:\/\/api.w.org\/{rel}","templated":true}]}}