{"id":41,"date":"2015-06-06T10:51:58","date_gmt":"2015-06-06T10:51:58","guid":{"rendered":"http:\/\/wp.casaluise.com\/?page_id=41"},"modified":"2024-02-05T16:26:04","modified_gmt":"2024-02-05T16:26:04","slug":"reservas","status":"publish","type":"page","link":"https:\/\/www.casaluise.com\/en\/reservas\/","title":{"rendered":"Request a reservation"},"content":{"rendered":"<p>A continuaci\u00f3n aparece un formulario de Solicitud de Reservas, si quiere solicitar una reserva rell\u00e9nelo y pronto nos pondremos en contacto con usted. \n<div class=\"wpcf7 no-js\" id=\"wpcf7-f70-o2\" lang=\"es-ES\" dir=\"ltr\" data-wpcf7-id=\"70\">\n<div class=\"screen-reader-response\"><p role=\"status\" aria-live=\"polite\" aria-atomic=\"true\"><\/p> <ul><\/ul><\/div>\n<form action=\"\/en\/wp-json\/wp\/v2\/pages\/41#wpcf7-f70-o2\" method=\"post\" class=\"wpcf7-form init\" aria-label=\"Formulario de contacto\" novalidate=\"novalidate\" data-status=\"init\">\n<fieldset class=\"hidden-fields-container\"><input type=\"hidden\" name=\"_wpcf7\" value=\"70\" \/><input type=\"hidden\" name=\"_wpcf7_version\" value=\"6.1.5\" \/><input type=\"hidden\" name=\"_wpcf7_locale\" value=\"es_ES\" \/><input type=\"hidden\" name=\"_wpcf7_unit_tag\" value=\"wpcf7-f70-o2\" \/><input type=\"hidden\" name=\"_wpcf7_container_post\" value=\"0\" \/><input type=\"hidden\" name=\"_wpcf7_posted_data_hash\" value=\"\" \/><input type=\"hidden\" name=\"_wpcf7_recaptcha_response\" value=\"\" \/>\n<\/fieldset>\n<p>Su nombre (requerido)\n<\/p>\n<p><span class=\"wpcf7-form-control-wrap\" data-name=\"your-name\"><input size=\"40\" maxlength=\"400\" class=\"wpcf7-form-control wpcf7-text wpcf7-validates-as-required\" aria-required=\"true\" aria-invalid=\"false\" value=\"\" type=\"text\" name=\"your-name\" \/><\/span>\n<\/p>\n<p>Su Tel\u00e9fono (requerido)\n<\/p>\n<p><span class=\"wpcf7-form-control-wrap\" data-name=\"your-phone\"><input size=\"40\" maxlength=\"400\" class=\"wpcf7-form-control wpcf7-tel wpcf7-validates-as-required wpcf7-text wpcf7-validates-as-tel\" aria-required=\"true\" aria-invalid=\"false\" value=\"\" type=\"tel\" name=\"your-phone\" \/><\/span>\n<\/p>\n<p>Su e-mail (opcional)\n<\/p>\n<p><span class=\"wpcf7-form-control-wrap\" data-name=\"your-email\"><input size=\"40\" maxlength=\"400\" class=\"wpcf7-form-control wpcf7-email wpcf7-text wpcf7-validates-as-email\" aria-invalid=\"false\" value=\"\" type=\"email\" name=\"your-email\" \/><\/span>\n<\/p>\n<p>Fecha de Llegada (Introducir fecha en el siguiente formato: dd\/mm\/aa)\n<\/p>\n<p><span class=\"wpcf7-form-control-wrap\" data-name=\"fecha-llegada\"><input class=\"wpcf7-form-control wpcf7-date wpcf7-validates-as-required wpcf7-validates-as-date\" aria-required=\"true\" aria-invalid=\"false\" value=\"\" type=\"date\" name=\"fecha-llegada\" \/><\/span>\n<\/p>\n<p>Fecha de Salida (Introducir fecha en el siguiente formato: dd\/mm\/aa)\n<\/p>\n<p><span class=\"wpcf7-form-control-wrap\" data-name=\"fecha-salida\"><input class=\"wpcf7-form-control wpcf7-date wpcf7-validates-as-required wpcf7-validates-as-date\" aria-required=\"true\" aria-invalid=\"false\" value=\"\" type=\"date\" name=\"fecha-salida\" \/><\/span>\n<\/p>\n<p>Sus comentarios\n<\/p>\n<p><span class=\"wpcf7-form-control-wrap\" data-name=\"your-message\"><textarea cols=\"40\" rows=\"10\" maxlength=\"2000\" class=\"wpcf7-form-control wpcf7-textarea\" aria-invalid=\"false\" name=\"your-message\"><\/textarea><\/span>\n<\/p>\n<p>De conformidad con lo que establece la legislaci\u00f3n vigente en materia de Protecci\u00f3n de Datos de Car\u00e1cter Personal, se le informa que los datos personales que nos facilite a trav\u00e9s de dicho formulario ser\u00e1n tratados por MAR\u00cdA DE LOS \u00c1NGELES REMIS BERRIBI, con la finalidad de gestionar su solicitud de reserva, enviarle informaci\u00f3n m\u00e1s detallada y la confirmaci\u00f3n de la reserva. Para m\u00e1s informaci\u00f3n consultar la pol\u00edtica de privacidad.\n<\/p>\n<hr \/>\n<p>He le\u00eddo y acepto la pol\u00edtica de privacidad de MAR\u00cdA DE LOS \u00c1NGELES REMIS BERRIBI,<br \/>\nas\u00ed como el env\u00edo de publicidad (<a href=\"http:\/\/casaluise.com\/english-aviso-legal-y-politica-de-privacidad\/\">Aviso Legal y Pol\u00edtica de Privacidad<\/a>)<span class=\"wpcf7-form-control-wrap\" data-name=\"acceptance-142\"><span class=\"wpcf7-form-control wpcf7-acceptance\"><span class=\"wpcf7-list-item\"><input type=\"checkbox\" name=\"acceptance-142\" value=\"1\" aria-invalid=\"false\" \/><\/span><\/span><\/span>\n<\/p>\n<p>A continuaci\u00f3n rellene los caracteres que se muestran a continuaci\u00f3n para demostrar que es un humano:\n<\/p>\n<span class=\"wpcf7-form-control-wrap recaptcha\" data-name=\"recaptcha\"><span data-sitekey=\"6LeLCOQfAAAAAMADJu1asX4q6zVlBfKs0woMOik0\" class=\"wpcf7-form-control wpcf7-recaptcha g-recaptcha\"><\/span>\r\n<noscript>\r\n\t<div class=\"grecaptcha-noscript\">\r\n\t\t<iframe loading=\"lazy\" src=\"https:\/\/www.google.com\/recaptcha\/api\/fallback?k=6LeLCOQfAAAAAMADJu1asX4q6zVlBfKs0woMOik0\" frameborder=\"0\" scrolling=\"no\" width=\"310\" height=\"430\">\r\n\t\t<\/iframe>\r\n\t\t<textarea name=\"g-recaptcha-response\" rows=\"3\" cols=\"40\" placeholder=\"Aqu\u00ed la respuesta de reCAPTCHA\">\r\n\t\t<\/textarea>\r\n\t<\/div>\r\n<\/noscript>\r\n<\/span>\n<p><input class=\"wpcf7-form-control wpcf7-submit has-spinner\" type=\"submit\" value=\"Enviar\" \/>\n<\/p><div class=\"wpcf7-response-output\" aria-hidden=\"true\"><\/div>\n<\/form>\n<\/div>\n<\/p>","protected":false},"excerpt":{"rendered":"<p>A continuaci\u00f3n aparece un formulario de Solicitud de Reservas, si quiere solicitar una reserva rell\u00e9nelo y pronto nos pondremos en contacto con usted.<\/p>\n","protected":false},"author":2,"featured_media":0,"parent":0,"menu_order":0,"comment_status":"closed","ping_status":"closed","template":"template-full.php","meta":{"ngg_post_thumbnail":0,"footnotes":""},"class_list":["post-41","page","type-page","status-publish","hentry"],"_links":{"self":[{"href":"https:\/\/www.casaluise.com\/en\/wp-json\/wp\/v2\/pages\/41","targetHints":{"allow":["GET"]}}],"collection":[{"href":"https:\/\/www.casaluise.com\/en\/wp-json\/wp\/v2\/pages"}],"about":[{"href":"https:\/\/www.casaluise.com\/en\/wp-json\/wp\/v2\/types\/page"}],"author":[{"embeddable":true,"href":"https:\/\/www.casaluise.com\/en\/wp-json\/wp\/v2\/users\/2"}],"replies":[{"embeddable":true,"href":"https:\/\/www.casaluise.com\/en\/wp-json\/wp\/v2\/comments?post=41"}],"version-history":[{"count":10,"href":"https:\/\/www.casaluise.com\/en\/wp-json\/wp\/v2\/pages\/41\/revisions"}],"predecessor-version":[{"id":304,"href":"https:\/\/www.casaluise.com\/en\/wp-json\/wp\/v2\/pages\/41\/revisions\/304"}],"wp:attachment":[{"href":"https:\/\/www.casaluise.com\/en\/wp-json\/wp\/v2\/media?parent=41"}],"curies":[{"name":"wp","href":"https:\/\/api.w.org\/{rel}","templated":true}]}}