{"id":78,"date":"2015-06-25T16:24:56","date_gmt":"2015-06-25T16:24:56","guid":{"rendered":"http:\/\/wp.casaluise.com\/?page_id=78"},"modified":"2019-03-27T12:13:37","modified_gmt":"2019-03-27T12:13:37","slug":"politica-de-cookies","status":"publish","type":"page","link":"https:\/\/www.casaluise.com\/en\/politica-de-cookies\/","title":{"rendered":"Cookies Policy"},"content":{"rendered":"<h3 class=\"western\"><span lang=\"es-ES-u-co-trad\"><b>\u00bfQu\u00e9 son las cookies?<\/b><\/span><\/h3>\n<p class=\"western\"><span lang=\"es-ES-u-co-trad\">Una cookie es un fichero que se descarga en su ordenador al acceder a determinadas p\u00e1ginas web. Las cookies permiten a una p\u00e1gina web, entre otras cosas, almacenar y recuperar informaci\u00f3n sobre h\u00e1bitos de navegaci\u00f3n de un usuario o un equipo y, dependiendo de la informaci\u00f3n que contengan y de la forma que utilice su equipo, pueden utilizarse para conocer al usuario, normalmente para adaptarse a la expericiencia de navegaci\u00f3n del usuario y otras veces con fines estad\u00edsticos y anal\u00edticos.<br><\/span><\/p>\n<h3 class=\"western\"><span lang=\"es-ES-u-co-trad\">\u00bfPara qu\u00e9 utiliza las cookies esta p\u00e1gina web y cu\u00e1les son?<\/span><\/h3>\n<p class=\"western\"><span lang=\"es-ES-u-co-trad\">Esta p\u00e1gina web utiliza las cookies para una serie de finalidades, incluidas:<\/span><\/p>\n<ul>\n<li>\n<p align=\"left\"><span lang=\"es-ES-u-co-trad\"><b>An\u00e1lisis: <\/b><\/span><span lang=\"es-ES-u-co-trad\">son aquellas cookies que bien, tratadas por nosotros o por terceros, nos permiten cuantificar el n\u00famero de usuarios y as\u00ed realizar la medici\u00f3n y an\u00e1lisis estad\u00edstico de la utilizaci\u00f3n que hacen los usuarios del servicio. Para ello se analiza su navegaci\u00f3n en nuestra p\u00e1gina web con el fin de mejorar la experiencia del usuario.<\/span><\/p>\n<\/li>\n<li>\n<p align=\"left\"><span lang=\"es-ES-u-co-trad\"><strong>Funcionales<\/strong>: son aquellas cookies que se utilizan para el correcto funcionamiento de la web, las utiliza el gestor de contenidos, en este caso WordPress. Y almacenan informaci\u00f3n acerca de si el usuario, a iniciado sesi\u00f3n en el sistema, o a aceptado la utilizaci\u00f3n de cookies.<br><\/span><\/p>\n<\/li>\n<\/ul>\n<p class=\"western\" lang=\"es-ES-u-co-trad\">&nbsp;<\/p>\n<p class=\"western\"><span lang=\"es-ES-u-co-trad\">El detalle de las cookies utilizadas en esta p\u00e1gina web es el siguiente:<\/span><\/p>\n<p class=\"western\"><span lang=\"es-ES-u-co-trad\">Ej:<\/span><\/p>\n<table width=\"576\" cellspacing=\"0\" cellpadding=\"7\">\n<colgroup><col width=\"87\"> <col width=\"71\"> <col width=\"90\"> <col width=\"156\"> <col width=\"100\"> <\/colgroup>\n<tbody>\n<tr valign=\"top\">\n<td width=\"87\">\n<p class=\"western\"><span lang=\"es-ES-u-co-trad\"><b>Cookie<\/b><\/span><\/p>\n<\/td>\n<td width=\"71\">\n<p class=\"western\"><span lang=\"es-ES-u-co-trad\"><b>Nombre<\/b><\/span><\/p>\n<\/td>\n<td width=\"90\">\n<p class=\"western\"><span lang=\"es-ES-u-co-trad\"><b>Tipo<\/b><\/span><\/p>\n<\/td>\n<td width=\"156\">\n<p class=\"western\"><span lang=\"es-ES-u-co-trad\"><b>Prop\u00f3sito<\/b><\/span><\/p>\n<\/td>\n<td width=\"100\">\n<p class=\"western\"><span lang=\"es-ES-u-co-trad\"><b>M\u00e1s informaci\u00f3n<\/b><\/span><\/p>\n<\/td>\n<\/tr>\n<tr valign=\"top\">\n<td width=\"87\">\n<p class=\"western\"><span style=\"color: #ff0000;\"><span lang=\"es-ES-u-co-trad\"><b>Google Analytics<\/b><\/span><\/span><\/p>\n<\/td>\n<td width=\"71\">\n<p class=\"western\"><span style=\"color: #ff0000;\"><span lang=\"es-ES-u-co-trad\"><b>_utma<\/b><\/span><\/span><\/p>\n<p class=\"western\"><span style=\"color: #ff0000;\"><span lang=\"es-ES-u-co-trad\"><b>_utmb<\/b><\/span><\/span><\/p>\n<p class=\"western\"><span style=\"color: #ff0000;\"><span lang=\"es-ES-u-co-trad\"><b>_utmc<\/b><\/span><\/span><\/p>\n<p class=\"western\"><span style=\"color: #ff0000;\"><span lang=\"es-ES-u-co-trad\"><b>_utmz<\/b><\/span><\/span><\/p>\n<\/td>\n<td width=\"90\">\n<p class=\"western\"><span style=\"color: #ff0000;\"><span lang=\"es-ES-u-co-trad\"><b>De terceros<\/b><\/span><\/span><\/p>\n<\/td>\n<td width=\"156\">\n<p class=\"western\"><span style=\"color: #ff0000;\"><span lang=\"es-ES-u-co-trad\"><b>Recoger informaci\u00f3n sobre la navegaci\u00f3n de los usuarios por el sitio con el fin de conocer el origen de las visitas y otros datos similares a nivel estad\u00edstico. No obtiene datos de los nombres o apellidos de los usuarios ni de la direcci\u00f3n postal concreta desde donde se conectan.<\/b><\/span><\/span><\/p>\n<\/td>\n<td width=\"100\">\n<p class=\"western\"><span style=\"color: #ff0000;\"><span lang=\"es-ES-u-co-trad\"><b>Google Analytics Centro de Privacidad de Google<\/b><\/span><\/span><\/p>\n<\/td>\n<\/tr>\n<tr valign=\"top\">\n<td width=\"87\">\n<p class=\"western\"><span style=\"color: #ff0000;\"><span lang=\"es-ES-u-co-trad\"><strong>cookies varias de funcionamiento interno de gestor de contenidos wordpress<\/strong><\/span><\/span><\/p>\n<\/td>\n<td width=\"71\">\n<p class=\"western\"><span style=\"color: #ff0000;\"><span lang=\"es-ES-u-co-trad\"><b>varias<\/b><\/span><\/span><\/p>\n<\/td>\n<td width=\"90\">\n<p class=\"western\"><span style=\"color: #ff0000;\"><span lang=\"es-ES-u-co-trad\"><b>propias<\/b><\/span><\/span><\/p>\n<\/td>\n<td width=\"156\">\n<p class=\"western\"><span style=\"color: #ff0000;\"><span lang=\"es-ES-u-co-trad\"><b>cookies que utiliza wordpress para el correcto funcionamiento de la web. de naturaleza t\u00e9cnica como puedes ser si el usuario est\u00e1 en sesi\u00f3n o no.<\/b><\/span><\/span><\/p>\n<\/td>\n<td width=\"100\">\n<p class=\"western\"><span style=\"color: #ff0000;\"><span lang=\"es-ES-u-co-trad\"><b>&#8211;<\/b><\/span><\/span><\/p>\n<\/td>\n<\/tr>\n<tr valign=\"top\">\n<td width=\"87\">\n<p class=\"western\"><span style=\"color: #ff0000;\"><span lang=\"es-ES-u-co-trad\"><strong>viewed_cookie_policy<\/strong><\/span><\/span><\/p>\n<\/td>\n<td width=\"71\">\n<p class=\"western\"><span style=\"color: #ff0000;\"><span lang=\"es-ES-u-co-trad\"><strong>viewed_cookie_policy<\/strong><\/span><\/span><\/p>\n<\/td>\n<td width=\"90\">\n<p class=\"western\"><span style=\"color: #ff0000;\"><span lang=\"es-ES-u-co-trad\"><b>propias<\/b><\/span><\/span><\/p>\n<\/td>\n<td width=\"156\">\n<p class=\"western\"><span style=\"color: #ff0000;\"><span lang=\"es-ES-u-co-trad\"><b>muestra si el usuario a visto la pol\u00edtica de cookies y la ha aceptado<\/b><\/span><\/span><\/p>\n<\/td>\n<td width=\"100\">\n<p class=\"western\"><span style=\"color: #ff0000;\"><span lang=\"es-ES-u-co-trad\"><b>&#8211;<\/b><\/span><\/span><\/p>\n<\/td>\n<\/tr>\n<tr valign=\"top\">\n<td width=\"87\">\n<p class=\"western\"><span style=\"color: #ff0000;\"><span lang=\"es-ES-u-co-trad\"><strong>wp-settings-1 y wp-settings-time-1<\/strong><\/span><\/span><\/p>\n<\/td>\n<td width=\"71\">\n<p class=\"western\"><span style=\"color: #ff0000;\"><span lang=\"es-ES-u-co-trad\"><strong>wp-settings-1 y wp-settings-time-1<\/strong><\/span><\/span><\/p>\n<\/td>\n<td width=\"90\">\n<p class=\"western\"><span style=\"color: #ff0000;\"><span lang=\"es-ES-u-co-trad\"><b>propia<\/b><\/span><\/span><\/p>\n<\/td>\n<td width=\"156\">\n<p class=\"western\"><span style=\"color: #ff0000;\"><span lang=\"es-ES-u-co-trad\"><b>usada para mantener la configuraci\u00f3n de un usuario logeado<\/b><\/span><\/span><\/p>\n<\/td>\n<td width=\"100\">\n<p class=\"western\"><span style=\"color: #ff0000;\"><span lang=\"es-ES-u-co-trad\"><b>&#8211;<\/b><\/span><\/span><\/p>\n<\/td>\n<\/tr>\n<\/tbody>\n<\/table>\n<p class=\"western\"><span lang=\"es-ES-u-co-trad\"><b>Nota: <\/b><\/span><span lang=\"es-ES-u-co-trad\">las cookies de tipo \u201cPropias\u201d son utilizadas s\u00f3lo por el propietario de esta web y las cookies \u201cde Terceros\u201d son utilizadas, tambi\u00e9n, por el prestador del servicio que est\u00e1 detallado en el cuadro anterior.<\/span><\/p>\n<h3 class=\"western\"><span lang=\"es-ES-u-co-trad\">\u00bfC\u00f3mo puedo desactivar o eliminar las cookies?<\/span><\/h3>\n<p class=\"western\"><span lang=\"es-ES-u-co-trad\">Puede usted permitir, bloquear o eliminar las cookies instaladas en su equipo mediante la configuraci\u00f3n de las opciones del navegador instalado en su ordenador.<\/span><\/p>\n<ul>\n<li>\n<p align=\"left\"><span lang=\"en-US\"><b>Firefox: <\/b><\/span><span style=\"color: #0000ff;\"><u><a href=\"https:\/\/support.mozilla.org\/es\/kb\/habilitar-y-deshabilitar-cookies-que-los-sitios-we\"><span lang=\"en-US\">https:\/\/support.mozilla.org\/es\/kb\/habilitar-y-deshabilitar-cookies-que-los-sitios-we<\/span><\/a><\/u><\/span><\/p>\n<\/li>\n<li>\n<p align=\"left\"><span lang=\"en-US\"><b>Chrome: <\/b><\/span><span style=\"color: #0000ff;\"><u><a href=\"https:\/\/support.google.com\/accounts\/answer\/61416?hl=es\"><span lang=\"en-US\"><b>https:\/\/support.google.com\/accounts\/answer\/61416?hl=es<\/b><\/span><\/a><\/u><\/span><b> <\/b><\/p>\n<\/li>\n<li>\n<p align=\"left\"><span lang=\"en-US\"><b>Explorer: <\/b><\/span><span style=\"color: #0000ff;\"><u><a href=\"http:\/\/windows.microsoft.com\/es-es\/windows7\/how-to-manage-cookies-in-internet-explorer-9\"><span lang=\"en-US\"><b>http:\/\/windows.microsoft.com\/es-es\/windows7\/how-to-manage-cookies-in-internet-explorer-9<\/b><\/span><\/a><\/u><\/span><b> <\/b><\/p>\n<\/li>\n<li>\n<p align=\"left\"><b>Otros navegadores<\/b><span lang=\"es-ES-u-co-trad\"><b>: <\/b><\/span><span lang=\"es-ES-u-co-trad\">consulte la documentaci\u00f3n del navegador que tenga instalado.<\/span><\/p>\n<\/li>\n<\/ul>\n\n\n<p><\/p>\n","protected":false},"excerpt":{"rendered":"<p>\u00bfQu\u00e9 son las cookies? Una cookie es un fichero que se descarga en su ordenador al acceder a determinadas p\u00e1ginas web. Las cookies permiten a una p\u00e1gina web, entre otras cosas, almacenar y recuperar informaci\u00f3n sobre h\u00e1bitos de&#8230; <a class=\"read-more\" href=\"https:\/\/www.casaluise.com\/en\/politica-de-cookies\/\">Read More<\/a><\/p>\n","protected":false},"author":2,"featured_media":0,"parent":0,"menu_order":0,"comment_status":"closed","ping_status":"closed","template":"","meta":{"ngg_post_thumbnail":0,"footnotes":""},"class_list":["post-78","page","type-page","status-publish","hentry"],"_links":{"self":[{"href":"https:\/\/www.casaluise.com\/en\/wp-json\/wp\/v2\/pages\/78","targetHints":{"allow":["GET"]}}],"collection":[{"href":"https:\/\/www.casaluise.com\/en\/wp-json\/wp\/v2\/pages"}],"about":[{"href":"https:\/\/www.casaluise.com\/en\/wp-json\/wp\/v2\/types\/page"}],"author":[{"embeddable":true,"href":"https:\/\/www.casaluise.com\/en\/wp-json\/wp\/v2\/users\/2"}],"replies":[{"embeddable":true,"href":"https:\/\/www.casaluise.com\/en\/wp-json\/wp\/v2\/comments?post=78"}],"version-history":[{"count":11,"href":"https:\/\/www.casaluise.com\/en\/wp-json\/wp\/v2\/pages\/78\/revisions"}],"predecessor-version":[{"id":208,"href":"https:\/\/www.casaluise.com\/en\/wp-json\/wp\/v2\/pages\/78\/revisions\/208"}],"wp:attachment":[{"href":"https:\/\/www.casaluise.com\/en\/wp-json\/wp\/v2\/media?parent=78"}],"curies":[{"name":"wp","href":"https:\/\/api.w.org\/{rel}","templated":true}]}}